{"id":2956,"date":"2019-11-17T15:33:34","date_gmt":"2019-11-17T14:33:34","guid":{"rendered":"https:\/\/www.5lm.fr\/?page_id=2956"},"modified":"2020-07-11T17:29:32","modified_gmt":"2020-07-11T15:29:32","slug":"legal-notice","status":"publish","type":"page","link":"https:\/\/www.5lm.fr\/en\/legal-notice\/","title":{"rendered":"Legal Notice"},"content":{"rendered":"\n\t<h3>Recommended configuration<\/h3>\n<hr \/>\n<ul>\n<li>\n<h4>Browsers<\/h4>\n<p>For optimal navigation, we advise you to use:<\/p>\n<a title=\"T\u00e9l\u00e9charger Mozilla Firefox ( S'ouvre dans une nouvelle fen\u00eatre )\" href=\"http:\/\/www.mozilla-europe.org\/fr\/\" target=\"_blank\" rel=\"noopener noreferrer\">Mozilla Firefox (PC &amp; Mac)<\/a> or <a title=\"T\u00e9l\u00e9charger Internet Explorer ( S'ouvre dans une nouvelle fen\u00eatre )\" href=\"http:\/\/www.microsoft.com\/france\/windows\/ie\/default.mspx\" target=\"_blank\" rel=\"noopener noreferrer\">Internet Explorer 8 minimum (PC)<\/a> or <a title=\"T\u00e9l\u00e9charger Safari ( S'ouvre dans une nouvelle fen\u00eatre )\" href=\"http:\/\/support.apple.com\/kb\/DL1531?viewlocale=fr_FR\" target=\"_blank\" rel=\"noopener noreferrer\">Safari (Mac)<\/a> or <a href=\"https:\/\/www.google.com\/intl\/fr\/chrome\/browser\/index.html\" target=\"_blank\" rel=\"noopener noreferrer\">Chrome<\/a><\/li>\n<\/ul>\n<ul>\n<li>\n<h4>Screen configuration<\/h4>\nPrefer a screen set in thousands of colors, with a minimum resolution of 1024&#215;768 pixels.<\/li>\n<\/ul>\n<hr \/>\n<h3>Legal Notice<\/h3>\n<hr \/>\n<ul>\n<li>\n<h4>Credits<\/h4>\n<p>Website published by:<\/p>\n5LM<br \/>\nSoci\u00e9t\u00e9 par actions simplifi\u00e9e au capital de 10 000 \u20ac<br \/>\nSi\u00e8ge social : 1 RUE ALEXANDRE FLEMING &#8211; 49000 ANGERS, France<br \/>\nSIREN : 839 886 678 R.C.S. Angers<br \/>\nTEL : +33 (0)2 41 53 78 73<\/li>\n<\/ul>\nPhoto Plane EN9100 : https:\/\/commons.wikimedia.org\/wiki\/File:Avion_Lufthansa_d\u00e9collant,_20_novembre_2013,_Tunis_02.jpg under licence CC BY-SA<br \/>\n&nbsp;\n<ul>\n<li>Publication Director: Mr Sylvain ABRAHAM<br \/>\n<a title=\"Conception de site internet angers\" href=\"https:\/\/modular.fr\" target=\"_blank\" rel=\"noopener noreferrer\">Conception du site internet <\/a> : <strong>Modular.fr<br \/>\n<\/strong><a title=\"D\u00e9veloppement d'application et de site internet en maine et loire (49)\" href=\"https:\/\/modular.fr\">D\u00e9veloppement du site Internet <\/a>: <strong>Modular.fr<br \/>\n<\/strong>Website hosting: <strong>o2switch<br \/>\n<\/strong>For any consultation problem encountered on the site, please address your complaints to: <strong>contact[@]5lm.fr<\/strong><\/li>\n<\/ul>\n<ul>\n<li>\n<h4>Exercise of the right of access<\/h4>\nIn accordance with Article 34 of the Data Protection Act, you have the right to access, modify, rectify and delete data concerning you. To exercise this right of access, please contact contact [@] 5lm.fr<\/li>\n<\/ul>\n","protected":false},"excerpt":{"rendered":"<p>Recommended configuration Browsers For optimal navigation, we advise you to use: Mozilla Firefox (PC &amp; Mac) or Internet Explorer 8 minimum (PC) or Safari (Mac) or Chrome Screen configuration Prefer a screen set in thousands of colors, with a minimum resolution of 1024&#215;768 pixels. Legal Notice Credits Website published by: 5LM Soci\u00e9t\u00e9 par actions simplifi\u00e9e&hellip;<\/p>\n","protected":false},"author":6,"featured_media":0,"parent":0,"menu_order":0,"comment_status":"closed","ping_status":"closed","template":"","meta":{"_seopress_robots_primary_cat":"","_seopress_titles_title":"","_seopress_titles_desc":"","_seopress_robots_index":"yes","footnotes":""},"class_list":["post-2956","page","type-page","status-publish","hentry"],"_links":{"self":[{"href":"https:\/\/www.5lm.fr\/en\/wp-json\/wp\/v2\/pages\/2956","targetHints":{"allow":["GET"]}}],"collection":[{"href":"https:\/\/www.5lm.fr\/en\/wp-json\/wp\/v2\/pages"}],"about":[{"href":"https:\/\/www.5lm.fr\/en\/wp-json\/wp\/v2\/types\/page"}],"author":[{"embeddable":true,"href":"https:\/\/www.5lm.fr\/en\/wp-json\/wp\/v2\/users\/6"}],"replies":[{"embeddable":true,"href":"https:\/\/www.5lm.fr\/en\/wp-json\/wp\/v2\/comments?post=2956"}],"version-history":[{"count":3,"href":"https:\/\/www.5lm.fr\/en\/wp-json\/wp\/v2\/pages\/2956\/revisions"}],"predecessor-version":[{"id":3126,"href":"https:\/\/www.5lm.fr\/en\/wp-json\/wp\/v2\/pages\/2956\/revisions\/3126"}],"wp:attachment":[{"href":"https:\/\/www.5lm.fr\/en\/wp-json\/wp\/v2\/media?parent=2956"}],"curies":[{"name":"wp","href":"https:\/\/api.w.org\/{rel}","templated":true}]}}